{"id":5689,"date":"2017-12-15T03:56:45","date_gmt":"2017-12-15T03:56:45","guid":{"rendered":"https:\/\/listing.downtown-directory.com\/for-apps\/product\/volcom-del-coasta-leather-shoe-summer-collection\/"},"modified":"2021-09-08T06:26:44","modified_gmt":"2021-09-08T06:26:44","slug":"volcom-del-coasta-leather-shoe-collection-ete","status":"publish","type":"product","link":"https:\/\/listing.downtown-directory.com\/for-apps\/product\/volcom-del-coasta-leather-shoe-collection-ete\/?lang=fr","title":{"rendered":"Volcom Del Coasta Leather Shoe Collection \u00e9t\u00e9"},"content":{"rendered":"<p>r\u00e9sidents Nutrition football Netus triste vieux et laid et la faim et de la pauvret\u00e9 Malesuada. Vestibulum tortor quam, feugiat vitae, ultricies eget, tempor sit amet, ante. Je veux toujours le football libre jusqu&#8217;\u00e0 ce que les carottes. Aenean ultricies mi vit\u00e6 est. le plus grand lion immobilier du Japon.<\/p>\n","protected":false},"excerpt":{"rendered":"<p>This is a simple product. Nullam vitae condimentum dolor. Ut quis elementum metus. Nulla mollis nec justo sit amet fringilla. Maecenas pharetra felis pellentesque lorem efficitur sollicitudin.<\/p>\n","protected":false},"featured_media":5690,"comment_status":"open","ping_status":"closed","template":"","meta":[],"product_brand":[],"product_cat":[254,261,257],"product_tag":[293,292,290,291],"class_list":{"0":"post-5689","1":"product","2":"type-product","3":"status-publish","4":"has-post-thumbnail","6":"product_cat-accessories","7":"product_cat-accessories-clothing","8":"product_cat-clothing","9":"product_tag-shoe","10":"product_tag-leather","11":"product_tag-shoes","12":"product_tag-volcom","14":"first","15":"instock","16":"featured","17":"shipping-taxable","18":"purchasable","19":"product-type-simple"},"_links":{"self":[{"href":"https:\/\/listing.downtown-directory.com\/for-apps\/wp-json\/wp\/v2\/product\/5689","targetHints":{"allow":["GET"]}}],"collection":[{"href":"https:\/\/listing.downtown-directory.com\/for-apps\/wp-json\/wp\/v2\/product"}],"about":[{"href":"https:\/\/listing.downtown-directory.com\/for-apps\/wp-json\/wp\/v2\/types\/product"}],"replies":[{"embeddable":true,"href":"https:\/\/listing.downtown-directory.com\/for-apps\/wp-json\/wp\/v2\/comments?post=5689"}],"wp:featuredmedia":[{"embeddable":true,"href":"https:\/\/listing.downtown-directory.com\/for-apps\/wp-json\/wp\/v2\/media\/5690"}],"wp:attachment":[{"href":"https:\/\/listing.downtown-directory.com\/for-apps\/wp-json\/wp\/v2\/media?parent=5689"}],"wp:term":[{"taxonomy":"product_brand","embeddable":true,"href":"https:\/\/listing.downtown-directory.com\/for-apps\/wp-json\/wp\/v2\/product_brand?post=5689"},{"taxonomy":"product_cat","embeddable":true,"href":"https:\/\/listing.downtown-directory.com\/for-apps\/wp-json\/wp\/v2\/product_cat?post=5689"},{"taxonomy":"product_tag","embeddable":true,"href":"https:\/\/listing.downtown-directory.com\/for-apps\/wp-json\/wp\/v2\/product_tag?post=5689"}],"curies":[{"name":"wp","href":"https:\/\/api.w.org\/{rel}","templated":true}]}}