{"id":5165,"date":"2018-05-09T07:16:51","date_gmt":"2018-05-09T07:16:51","guid":{"rendered":"https:\/\/listing.downtown-directory.com\/for-apps\/about-us\/"},"modified":"2020-01-08T08:46:58","modified_gmt":"2020-01-08T08:46:58","slug":"a-propos-de-nous","status":"publish","type":"page","link":"https:\/\/listing.downtown-directory.com\/for-apps\/a-propos-de-nous\/?lang=fr","title":{"rendered":"\u00c0 propos de nous"},"content":{"rendered":"<div class=\"wpb-content-wrapper\"><p>[vc_row][vc_column]<section class=\"about-us  \">\r\n         <div class=\"container\">\r\n            <div class=\"row\">\r\n               <div class=\"col-md-12 col-sm-12 col-xs-12 nopadding\">\r\n\t\t\t \t  \r\n               \t \t<div class=\"col-md-7 col-sm-12 col-xs-12\">\r\n               \t \t\t<h2>\u00c0 propos du r\u00e9pertoire d&#039;annonces DWT<\/h2>\r\n\t\t\t\t\t\t<p class=\"large-paragraph\">Tout ce dont vous avez besoin pour cr\u00e9er un site Web r\u00e9actif qui r\u00e9pertorie les r\u00e9pertoires.<\/p>\r\n               \t \t\t<p>sit amet Bureau, une photographie num\u00e9rique, ou \u00e0 magna \u00e0 vero et les combinaisons permettent simplement actifs qui sont assis pr\u00e9sente nonumy eirmod tempor devoirs.<\/p>\r\n               \t \t\t<div class=\"row\">\r\n               \t \t\t\t<div class=\"services\"><div class=\"col-md-6 col-xs-12 col-sm-6\">\r\n\t\t\t\t\t\t<!-- services grid -->\r\n\t\t\t\t\t\t<div class=\"services-grid\">\r\n\t\t\t\t\t\t\t<div class=\"icons\"><img decoding=\"async\" src=\"https:\/\/listing.downtown-directory.com\/for-apps\/wp-content\/uploads\/sites\/21\/2018\/05\/layers.png\" class=\"img-responsive\" alt=\"Image Not Found\"><\/div>\r\n\t\t\t\t\t\t\t<h4>Composants frais<\/h4>\r\n\t\t\t\t\t\t<p>Nous avons la bonne attention, l'exp\u00e9rience et un professionnel d\u00e9vou\u00e9 pour vous.<\/p>\r\n\t\t\t\t\t\t<\/div>\r\n\t\t\t\t\t<\/div><div class=\"col-md-6 col-xs-12 col-sm-6\">\r\n\t\t\t\t\t\t<!-- services grid -->\r\n\t\t\t\t\t\t<div class=\"services-grid\">\r\n\t\t\t\t\t\t\t<div class=\"icons\"><img decoding=\"async\" src=\"https:\/\/listing.downtown-directory.com\/for-apps\/wp-content\/uploads\/sites\/21\/2018\/05\/dart-board.png\" class=\"img-responsive\" alt=\"Image Not Found\"><\/div>\r\n\t\t\t\t\t\t\t<h4>Mises \u00e0 jour de dur\u00e9e de vie<\/h4>\r\n\t\t\t\t\t\t<p>Nous avons la bonne attention, l'exp\u00e9rience et un professionnel d\u00e9vou\u00e9 pour vous.<\/p>\r\n\t\t\t\t\t\t<\/div>\r\n\t\t\t\t\t<\/div><\/div>\r\n               \t \t\t<\/div>\r\n               \t \t<\/div>\r\n               \t \t<div class=\"col-md-5 col-sm-12 col-xs-12\"><img decoding=\"async\" src=\"https:\/\/listing.downtown-directory.com\/for-apps\/wp-content\/uploads\/sites\/21\/2018\/05\/about.png\" class=\"wow  center-block img-responsive\" alt=\"Image Not Found\"><\/div>\r\n               <\/div>\r\n            <\/div>\r\n         <\/div>\r\n      <\/section>[\/vc_column][\/vc_row][vc_row][vc_column]<div class=\"funfacts arch-funfacts\"  style=\"background: rgba(0, 0, 0, 0) url(https:\/\/listing.downtown-directory.com\/for-apps\/wp-content\/uploads\/sites\/21\/2018\/05\/funfact.jpeg) no-repeat scroll center center \/ cover; -webkit-background-size: cover; -moz-background-size: cover; -o-background-size: cover; background-size: cover;\">\r\n            <div class=\"container\">\r\n               <div class=\"row\">\r\n\t\t\t\t   <div class=\"col-md-12 col-sm-12 nopadding\">\r\n\t\t\t\t   \t\t<div class=\"conter-grid\"><div class=\"counter-seprator\">\r\n                        <div class=\"icon-container\"><img decoding=\"async\" src=\"https:\/\/listing.downtown-directory.com\/for-apps\/wp-content\/uploads\/sites\/21\/2018\/05\/happy.png\" class=\"img-responsive\" alt=\"Image Not Found\"><\/div>\r\n                            <div class=\"counter-box\">\r\n                            <h5 class=\"counter-stats\">53000<\/h5>\r\n                            <h3 class=\"count-title\">Clients satisfaits<\/h3>\r\n                            <\/div>\r\n                        <\/div><div class=\"counter-seprator\">\r\n                        <div class=\"icon-container\"><img decoding=\"async\" src=\"https:\/\/listing.downtown-directory.com\/for-apps\/wp-content\/uploads\/sites\/21\/2018\/05\/responsive.png\" class=\"img-responsive\" alt=\"Image Not Found\"><\/div>\r\n                            <div class=\"counter-box\">\r\n                            <h5 class=\"counter-stats\">95000<\/h5>\r\n                            <h3 class=\"count-title\">Liste d'entreprises<\/h3>\r\n                            <\/div>\r\n                        <\/div><div class=\"counter-seprator\">\r\n                        <div class=\"icon-container\"><img decoding=\"async\" src=\"https:\/\/listing.downtown-directory.com\/for-apps\/wp-content\/uploads\/sites\/21\/2018\/05\/dart-board.png\" class=\"img-responsive\" alt=\"Image Not Found\"><\/div>\r\n                            <div class=\"counter-box\">\r\n                            <h5 class=\"counter-stats\">18390<\/h5>\r\n                            <h3 class=\"count-title\">Affaire r\u00e9ussie<\/h3>\r\n                            <\/div>\r\n                        <\/div><div class=\"counter-seprator\">\r\n                        <div class=\"icon-container\"><img decoding=\"async\" src=\"https:\/\/listing.downtown-directory.com\/for-apps\/wp-content\/uploads\/sites\/21\/2018\/05\/schedule.png\" class=\"img-responsive\" alt=\"Image Not Found\"><\/div>\r\n                            <div class=\"counter-box\">\r\n                            <h5 class=\"counter-stats\">29800<\/h5>\r\n                            <h3 class=\"count-title\">Heures d'ouverture<\/h3>\r\n                            <\/div>\r\n                        <\/div><\/div>\r\n\t\t\t\t   <\/div>\r\n\t\t\t   <\/div>\r\n            <\/div>\r\n         <\/div> [\/vc_column][\/vc_row][vc_row][vc_column]<section class=\"pricing-table  \" >\r\n\t\t\t\t<div class=\"container\">\r\n\t\t\t\t\t<div class=\"row\">\r\n\t\t\t\t\t\t<div class=\"col-md-12 col-sm-12 col-xs-12\">\r\n\t\t\t\t\t\t\t<div class=\"heading-2\">\r\n\t\t\t\t\t\t\t<h3>Plans tarifaires<\/h3>\r\n\t\t\t\t\t\t\t<h2>S\u00e9lectionnez votre plan<\/h2>\r\n\t\t\t\t\t\t <\/div>\r\n\t\t\t\t\t   <\/div>\r\n\t\t\t\t\t\t\t<div class=\"col-md-12 col-sm-12 col-xs-12\">\r\n\t\t\t\t\t\t\t\t<div class=\"pricing pricing-palden\">\r\n\t\t\t\t\t\t\t\t\t\r\n\t\t\t\t\t\t\t\t<\/div>\t\r\n\t\t\t\t\t\t\t<\/div>\r\n\t\t\t\t\t\t<\/div>\r\n\t\t\t\t\t<\/div>\r\n\t\t\t<\/section>[\/vc_column][\/vc_row][vc_row][vc_column]<section class=\"subscribe-section\">\r\n\t\t\t<div class=\"container\">\r\n\t\t\t<div class=\"row\">\r\n\t\t\t  <div class=\"col-md-12 col-xs-12 col-sm-12 nopadding\">\r\n\t\t\t\t<div class=\"col-md-1 col-sm-1 col-xs-12\">\r\n\t\t\t\t  <div class=\"announcement-img\"> <img decoding=\"async\" src=\"https:\/\/listing.downtown-directory.com\/for-apps\/wp-content\/themes\/dwt-listing\/assets\/images\/bullhorn.png\" class=\"img-responsive\" alt=\"not found\"> <\/div>\r\n\t\t\t\t<\/div>\r\n\t\t\t\t<div class=\"col-md-5 col-sm-5 col-xs-12\">\r\n\t\t\t\t  <div class=\"heading-2\">\r\n\t\t\t\t\t<h3>Voulez-vous \u00eatre inform\u00e9? Abonnez-vous maintenant<\/h3>\r\n\t\t\t\t  <\/div>\r\n\t\t\t\t<\/div>\r\n\t\t\t\t<div class=\"col-md-6 col-sm-6 col-xs-12\">\r\n\t\t\t\t  <div class=\"subscription-form\">\r\n\t\t\t\t\t<form id=\"dwt_listing_news_latter\" data-disable=\"false\" method=\"post\">\r\n\t\t\t\t\t  <div class=\"form-group\">\r\n\t\t\t\t\t\t<input name=\"news_email\" id=\"news_email\" class=\"form-control\" type=\"email\" required>\r\n\t\t\t\t\t  <\/div>\r\n\t\t\t\t\t  <div class=\"with-errors\"><\/div>\r\n\t\t\t\t\t  <div class=\"form-group submit-btn\">\r\n\t\t\t\t\t\t<button class=\"form-control sonu-button btn-theme\" type=\"submit\" data-loading-text=\"<i class='fa fa-spinner fa-spin'><\/i> Processing...\">Pr\u00e9venez-moi<\/button>\r\n\t\t\t\t\t  <\/div>\r\n\t\t\t\t\t<\/form>\r\n\t\t\t\t  <\/div>\r\n\t\t\t\t<\/div>\r\n\t\t\t  <\/div>\r\n\t\t\t<\/div>\r\n\t\t  <\/div>\r\n\t\t<\/section>[\/vc_column][\/vc_row]<\/p>\n<\/div>","protected":false},"excerpt":{"rendered":"<p>[vc_row][vc_column][\/vc_column][\/vc_row][vc_row][vc_column][\/vc_column][\/vc_row][vc_row][vc_column][\/vc_column][\/vc_row][vc_row][vc_column][\/vc_column][\/vc_row]<\/p>\n","protected":false},"author":1,"featured_media":0,"parent":0,"menu_order":0,"comment_status":"closed","ping_status":"closed","template":"","meta":{"footnotes":""},"class_list":["post-5165","page","type-page","status-publish","hentry"],"_links":{"self":[{"href":"https:\/\/listing.downtown-directory.com\/for-apps\/wp-json\/wp\/v2\/pages\/5165","targetHints":{"allow":["GET"]}}],"collection":[{"href":"https:\/\/listing.downtown-directory.com\/for-apps\/wp-json\/wp\/v2\/pages"}],"about":[{"href":"https:\/\/listing.downtown-directory.com\/for-apps\/wp-json\/wp\/v2\/types\/page"}],"author":[{"embeddable":true,"href":"https:\/\/listing.downtown-directory.com\/for-apps\/wp-json\/wp\/v2\/users\/1"}],"replies":[{"embeddable":true,"href":"https:\/\/listing.downtown-directory.com\/for-apps\/wp-json\/wp\/v2\/comments?post=5165"}],"version-history":[{"count":3,"href":"https:\/\/listing.downtown-directory.com\/for-apps\/wp-json\/wp\/v2\/pages\/5165\/revisions"}],"predecessor-version":[{"id":5379,"href":"https:\/\/listing.downtown-directory.com\/for-apps\/wp-json\/wp\/v2\/pages\/5165\/revisions\/5379"}],"wp:attachment":[{"href":"https:\/\/listing.downtown-directory.com\/for-apps\/wp-json\/wp\/v2\/media?parent=5165"}],"curies":[{"name":"wp","href":"https:\/\/api.w.org\/{rel}","templated":true}]}}