{"id":5163,"date":"2018-06-21T08:56:47","date_gmt":"2018-06-21T08:56:47","guid":{"rendered":"https:\/\/listing.downtown-directory.com\/for-apps\/privacy-policy\/"},"modified":"2020-01-08T10:21:38","modified_gmt":"2020-01-08T10:21:38","slug":"politique-de-confidentialite","status":"publish","type":"page","link":"https:\/\/listing.downtown-directory.com\/for-apps\/politique-de-confidentialite\/?lang=fr","title":{"rendered":"Politique de confidentialit\u00e9"},"content":{"rendered":"<div class=\"wpb-content-wrapper\"><p>[vc_row][vc_column]<section class=\"faqs-section  \" >\r\n          <div class=\"container\">\r\n            <div class=\"row\">\r\n            \t<div class=\"col-md-12 col-sm-12 col-xs-12\">\r\n\t\t\t\t\t\t\t<div class=\"heading-2\">\r\n\t\t\t\t\t\t\t<h3>Termes et conditions<\/h3>\r\n\t\t\t\t\t\t\t<h2>Conditions que vous devez suivre<\/h2>\r\n\t\t\t\t\t\t <\/div>\r\n\t\t\t\t\t   <\/div>\r\n\t\t\t\t    <div class=\"col-lg-8 col-md-8 col-sm-12 col-xs-12\">\r\n\t\t\t\t\t\t<ul class=\"faqs-accordion\"><li>\r\n                           <h3 class=\"faqs-accordion-title\"><a href=\"javascript:void(0)\">Politique de confidentialit\u00e9<\/a><\/h3>\r\n                           <div class=\"faqs-accordion-content\">\r\n                              <p> Scriptsbundle a cr\u00e9\u00e9 l&#039;application Dwt React Native App en tant qu&#039;application prise en charge par les publicit\u00e9s. Ce SERVICE est fourni par Scriptsbundle sans frais et est destin\u00e9 \u00e0 \u00eatre utilis\u00e9 tel quel.\n\nCette page est utilis\u00e9e pour informer les visiteurs de nos politiques concernant la collecte, l&#039;utilisation et la divulgation des informations personnelles si quelqu&#039;un d\u00e9cide d&#039;utiliser notre service.\n\nSi vous choisissez d&#039;utiliser notre Service, vous acceptez la collecte et l&#039;utilisation d&#039;informations en relation avec cette politique. Les informations personnelles que nous collectons sont utilis\u00e9es pour fournir et am\u00e9liorer le service. Nous n&#039;utiliserons ni ne partagerons vos informations avec personne, sauf dans les cas d\u00e9crits dans la pr\u00e9sente politique de confidentialit\u00e9.\n\nLes termes utilis\u00e9s dans cette politique de confidentialit\u00e9 ont la m\u00eame signification que dans nos conditions g\u00e9n\u00e9rales, qui sont accessibles sur l&#039;application native Dwt React, sauf indication contraire dans la pr\u00e9sente politique de confidentialit\u00e9.\n\nCollecte et utilisation des informations\n\nPour une meilleure exp\u00e9rience, lors de l&#039;utilisation de notre service, nous pouvons vous demander de nous fournir certaines informations personnellement identifiables. Les informations que nous demandons seront conserv\u00e9es par nous et utilis\u00e9es comme d\u00e9crit dans cette politique de confidentialit\u00e9.\n\nL&#039;application utilise des services tiers qui peuvent collecter des informations utilis\u00e9es pour vous identifier.\n\nLien vers la politique de confidentialit\u00e9 des fournisseurs de services tiers utilis\u00e9s par l&#039;application\n\n    AdMob\n\nLog Data\n\nNous voulons vous informer que chaque fois que vous utilisez notre service, en cas d&#039;erreur dans l&#039;application, nous collectons des donn\u00e9es et des informations (via des produits tiers) sur votre t\u00e9l\u00e9phone, appel\u00e9es Log Data. Ces donn\u00e9es de journal peuvent inclure des informations telles que l&#039;adresse du protocole Internet (\u00abIP\u00bb) de votre appareil, le nom de l&#039;appareil, la version du syst\u00e8me d&#039;exploitation, la configuration de l&#039;application lors de l&#039;utilisation de notre service, l&#039;heure et la date de votre utilisation du service et d&#039;autres statistiques. .\n\nCookies\n\nCookies are files with a small amount of data that are commonly used as anonymous unique identifiers. These are sent to your browser from the websites that you visit and are stored on your device&#039;s internal memory.\n\nThis Service does not use these \u201ccookies\u201d explicitly. However, the app may use third party code and libraries that use \u201ccookies\u201d to collect information and improve their services. You have the option to either accept or refuse these cookies and know when a cookie is being sent to your device. If you choose to refuse our cookies, you may not be able to use some portions of this Service.\n\nService Providers\n\nWe may employ third-party companies and individuals due to the following reasons:\n\n    To facilitate our Service;\n    To provide the Service on our behalf;\n    To perform Service-related services; or\n    To assist us in analyzing how our Service is used.\n\nNous voulons informer les utilisateurs de ce service que ces tiers ont acc\u00e8s \u00e0 vos informations personnelles. La raison est d&#039;accomplir les t\u00e2ches qui leur sont confi\u00e9es en notre nom. Cependant, ils sont tenus de ne pas divulguer ou utiliser les informations \u00e0 d&#039;autres fins.\n\nSecurity\n\nWe value your trust in providing us your Personal Information, thus we are striving to use commercially acceptable means of protecting it. But remember that no method of transmission over the internet, or method of electronic storage is 100% secure and reliable, and we cannot guarantee its absolute security.\n\nLinks to Other Sites\n\nCe service peut contenir des liens vers d&#039;autres sites. Si vous cliquez sur un lien tiers, vous serez dirig\u00e9 vers ce site. Notez que ces sites externes ne sont pas exploit\u00e9s par nous. Par cons\u00e9quent, nous vous conseillons fortement de consulter la politique de confidentialit\u00e9 de ces sites Web. Nous n&#039;avons aucun contr\u00f4le sur et n&#039;assumons aucune responsabilit\u00e9 pour le contenu, les politiques de confidentialit\u00e9 ou les pratiques de tout site ou service tiers.\n\nChildren\u2019s Privacy\n\nCes services ne s&#039;adressent \u00e0 personne de moins de 13 ans. Nous ne collectons pas sciemment des informations personnellement identifiables d&#039;enfants de moins de 13 ans. Dans le cas o\u00f9 nous d\u00e9couvrons qu&#039;un enfant de moins de 13 ans nous a fourni des informations personnelles, nous les supprimons imm\u00e9diatement de nos serveurs. Si vous \u00eates parent ou tuteur et que vous savez que votre enfant nous a fourni des informations personnelles, veuillez nous contacter afin que nous puissions prendre les mesures n\u00e9cessaires.\n\nChanges to This Privacy Policy\n\nNous pouvons mettre \u00e0 jour notre politique de confidentialit\u00e9 de temps en temps. Il est donc conseill\u00e9 de consulter r\u00e9guli\u00e8rement cette page pour tout changement. Nous vous informerons de tout changement en publiant la nouvelle politique de confidentialit\u00e9 sur cette page. Ces modifications prennent effet imm\u00e9diatement apr\u00e8s leur publication sur cette page.\n\nContact Us\n\nIf you have any questions or suggestions about our Privacy Policy, do not hesitate to contact us at Scriptsbundle. <\/p>\r\n                           <\/div>\r\n                        <\/li><\/ul>\r\n\t\t\t\t    <\/div>\r\n\t\t\t\t\t<div class=\"col-lg-4 col-md-4 col-xs-12 col-sm-12\">\t\r\n\t\t\t\t\t\t<div class=\"blog-sidebar\">\r\n                       \t <div class=\"widget\">\r\n                           <div class=\"widget-heading\">\r\n                              <h4 class=\"panel-title\"><a>Notification GDPR <\/a><\/h4>\r\n                           <\/div>\r\n                           <div class=\"faqs-desc\">\r\n                               <p class=\"lead\">Lorem ipsum dolor sit amet de, consectetur adipiscing elit. v\u00e9hicules chat boisson sapien<\/p>\r\n                              <ol><li>Assurez-vous de publier dans la bonne cat\u00e9gorie.<\/li><li>Ne t\u00e9l\u00e9chargez pas de photos avec des filigranes.<\/li><li>Ne publiez pas d'annonces contenant plusieurs \u00e9l\u00e9ments sauf s'il s'agit d'un package.<\/li><li>Ne mettez pas vos e-mails ou num\u00e9ros de t\u00e9l\u00e9phone dans le titre ou la description.<\/li><li>Assurez-vous de publier dans la bonne cat\u00e9gorie.<\/li><li>Ne postez pas la m\u00eame annonce plus d'une fois et ne republiez pas une annonce dans les 48 heures.<\/li> <\/ol>\r\n                           <\/div>\r\n                        <\/div>\r\n                     \t<\/div>\r\n\t\t\t\t\t<\/div>\t\r\n\t\t\t   <\/div>\r\n            <\/div>\r\n          <\/div>\r\n        <\/section>[\/vc_column][\/vc_row]<\/p>\n<\/div>","protected":false},"excerpt":{"rendered":"<p>[vc_row][vc_column][\/vc_column][\/vc_row]<\/p>\n","protected":false},"author":1,"featured_media":0,"parent":0,"menu_order":0,"comment_status":"closed","ping_status":"closed","template":"","meta":{"footnotes":""},"class_list":["post-5163","page","type-page","status-publish","hentry"],"_links":{"self":[{"href":"https:\/\/listing.downtown-directory.com\/for-apps\/wp-json\/wp\/v2\/pages\/5163","targetHints":{"allow":["GET"]}}],"collection":[{"href":"https:\/\/listing.downtown-directory.com\/for-apps\/wp-json\/wp\/v2\/pages"}],"about":[{"href":"https:\/\/listing.downtown-directory.com\/for-apps\/wp-json\/wp\/v2\/types\/page"}],"author":[{"embeddable":true,"href":"https:\/\/listing.downtown-directory.com\/for-apps\/wp-json\/wp\/v2\/users\/1"}],"replies":[{"embeddable":true,"href":"https:\/\/listing.downtown-directory.com\/for-apps\/wp-json\/wp\/v2\/comments?post=5163"}],"version-history":[{"count":3,"href":"https:\/\/listing.downtown-directory.com\/for-apps\/wp-json\/wp\/v2\/pages\/5163\/revisions"}],"predecessor-version":[{"id":5411,"href":"https:\/\/listing.downtown-directory.com\/for-apps\/wp-json\/wp\/v2\/pages\/5163\/revisions\/5411"}],"wp:attachment":[{"href":"https:\/\/listing.downtown-directory.com\/for-apps\/wp-json\/wp\/v2\/media?parent=5163"}],"curies":[{"name":"wp","href":"https:\/\/api.w.org\/{rel}","templated":true}]}}