{"id":5095,"date":"2019-11-14T04:48:57","date_gmt":"2019-11-14T04:48:57","guid":{"rendered":"https:\/\/listing.downtown-directory.com\/for-apps\/dwt-privacy-policy\/"},"modified":"2020-01-08T09:15:35","modified_gmt":"2020-01-08T09:15:35","slug":"politique-de-confidentialite-de-dwt","status":"publish","type":"page","link":"https:\/\/listing.downtown-directory.com\/for-apps\/politique-de-confidentialite-de-dwt\/?lang=fr","title":{"rendered":"Politique de confidentialit\u00e9 de Dwt"},"content":{"rendered":"<div class=\"wpb-content-wrapper\"><p>[vc_row][vc_column]<section class=\"blog-post-container  \" >\r\n          <div class=\"container\">\r\n            <div class=\"row\">\r\n            \t\r\n\t\t\t\t   <div class=\"col-md-12 col-sm-12 col-xs-12\">\r\n\t\t\t\t\t   <div class=\"single-blog blog-detial\">\r\n\t\t\t\t\t\t   <div class=\"blog-post\">\r\n\t\t\t\t\t\t\t   <div class=\"post-excerpt post-desc\">\r\n\t\t\t\t\t\t\t\t\tScriptsbundle a cr\u00e9\u00e9 l&#8217;application Dwt React Native App en tant qu&#8217;application prise en charge par les publicit\u00e9s. Ce SERVICE est fourni par Scriptsbundle sans frais et est destin\u00e9 \u00e0 \u00eatre utilis\u00e9 tel quel.<\/p>\n<p>Cette page est utilis\u00e9e pour informer les visiteurs de nos politiques concernant la collecte, l&#8217;utilisation et la divulgation des informations personnelles si quelqu&#8217;un d\u00e9cide d&#8217;utiliser notre service.<\/p>\n<p>Si vous choisissez d&#8217;utiliser notre Service, vous acceptez la collecte et l&#8217;utilisation d&#8217;informations en relation avec cette politique. Les informations personnelles que nous collectons sont utilis\u00e9es pour fournir et am\u00e9liorer le service. Nous n&#8217;utiliserons ni ne partagerons vos informations avec personne, sauf dans les cas d\u00e9crits dans la pr\u00e9sente politique de confidentialit\u00e9.<\/p>\n<p>Les termes utilis\u00e9s dans cette politique de confidentialit\u00e9 ont la m\u00eame signification que dans nos conditions g\u00e9n\u00e9rales, qui sont accessibles sur l&#8217;application native Dwt React, sauf indication contraire dans la pr\u00e9sente politique de confidentialit\u00e9.<\/p>\n<p>&nbsp;<\/p>\n<p><strong>Collecte et utilisation des informations<\/strong><\/p>\n<p>Pour une meilleure exp\u00e9rience, lors de l&#8217;utilisation de notre service, nous pouvons vous demander de nous fournir certaines informations personnellement identifiables. Les informations que nous demandons seront conserv\u00e9es par nous et utilis\u00e9es comme d\u00e9crit dans cette politique de confidentialit\u00e9.<\/p>\n<p>L&#8217;application utilise des services tiers qui peuvent collecter des informations utilis\u00e9es pour vous identifier.<\/p>\n<p>Lien vers la politique de confidentialit\u00e9 des fournisseurs de services tiers utilis\u00e9s par l&#8217;application<\/p>\n<p>&nbsp;<\/p>\n<div>\n<ul>\n<li><a href=\"https:\/\/support.google.com\/admob\/answer\/6128543?hl=en\" target=\"_blank\" rel=\"noopener noreferrer\">AdMob<\/a><\/li>\n<\/ul>\n<\/div>\n<p><strong>Donn\u00e9es de journal<\/strong><\/p>\n<p>Nous voulons vous informer que chaque fois que vous utilisez notre service, en cas d&#8217;erreur dans l&#8217;application, nous collectons des donn\u00e9es et des informations (via des produits tiers) sur votre t\u00e9l\u00e9phone, appel\u00e9es Log Data. Ces donn\u00e9es de journal peuvent inclure des informations telles que l&#8217;adresse du protocole Internet (\u00abIP\u00bb) de votre appareil, le nom de l&#8217;appareil, la version du syst\u00e8me d&#8217;exploitation, la configuration de l&#8217;application lors de l&#8217;utilisation de notre service, l&#8217;heure et la date de votre utilisation du service et d&#8217;autres statistiques. .<\/p>\n<p><strong>Biscuits<\/strong><\/p>\n<p>Les cookies sont des fichiers contenant une petite quantit\u00e9 de donn\u00e9es qui sont couramment utilis\u00e9s comme identifiants uniques anonymes. Ceux-ci sont envoy\u00e9s \u00e0 votre navigateur \u00e0 partir des sites Web que vous visitez et sont stock\u00e9s dans la m\u00e9moire interne de votre appareil.<\/p>\n<p>Ce service n&#8217;utilise pas ces \u00abcookies\u00bb de mani\u00e8re explicite. Cependant, l&#8217;application peut utiliser du code tiers et des biblioth\u00e8ques qui utilisent des \u00abcookies\u00bb pour collecter des informations et am\u00e9liorer leurs services. Vous avez la possibilit\u00e9 d&#8217;accepter ou de refuser ces cookies et de savoir quand un cookie est envoy\u00e9 \u00e0 votre appareil. Si vous choisissez de refuser nos cookies, vous ne pourrez peut-\u00eatre pas utiliser certaines parties de ce service.<\/p>\n<p><strong>Les fournisseurs de services<\/strong><\/p>\n<p>Nous pouvons employer des soci\u00e9t\u00e9s et des individus tiers pour les raisons suivantes:<\/p>\n<ul>\n<li>To facilitate our Service;<\/li>\n<li>To provide the Service on our behalf;<\/li>\n<li>To perform Service-related services; or<\/li>\n<li>To assist us in analyzing how our Service is used.<\/li>\n<\/ul>\n<p>Nous voulons informer les utilisateurs de ce service que ces tiers ont acc\u00e8s \u00e0 vos informations personnelles. La raison est d&#8217;accomplir les t\u00e2ches qui leur sont confi\u00e9es en notre nom. Cependant, ils sont tenus de ne pas divulguer ou utiliser les informations \u00e0 d&#8217;autres fins.<\/p>\n<p><strong>Security<\/strong><\/p>\n<p>Nous appr\u00e9cions votre confiance en nous fournissant vos informations personnelles, nous nous effor\u00e7ons donc d&#8217;utiliser des moyens commercialement acceptables pour les prot\u00e9ger. Mais rappelez-vous qu&#8217;aucune m\u00e9thode de transmission sur Internet, ou m\u00e9thode de stockage \u00e9lectronique n&#8217;est 100% s\u00e9curis\u00e9e et fiable, et nous ne pouvons garantir sa s\u00e9curit\u00e9 absolue.<\/p>\n<p><strong>Links to Other Sites<\/strong><\/p>\n<p>This Service may contain links to other sites. If you click on a third-party link, you will be directed to that site. Note that these external sites are not operated by us. Therefore, we strongly advise you to review the Privacy Policy of these websites. We have no control over and assume no responsibility for the content, privacy policies, or practices of any third-party sites or services.<\/p>\n<p><strong>Children\u2019s Privacy<\/strong><\/p>\n<p>These Services do not address anyone under the age of 13. We do not knowingly collect personally identifiable information from children under 13. In the case we discover that a child under 13 has provided us with personal information, we immediately delete this from our servers. If you are a parent or guardian and you are aware that your child has provided us with personal information, please contact us so that we will be able to do necessary actions.<\/p>\n<p><strong>Changes to This Privacy Policy<\/strong><\/p>\n<p>We may update our Privacy Policy from time to time. Thus, you are advised to review this page periodically for any changes. We will notify you of any changes by posting the new Privacy Policy on this page. These changes are effective immediately after they are posted on this page.<\/p>\n<p><strong>Contact Us<\/strong><\/p>\n<p>If you have any questions or suggestions about our Privacy Policy, do not hesitate to contact us at Scriptsbundle.<\/p>\n<p>\r\n\t\t\t\t\t\t\t   <\/div>\r\n\t\t\t\t\t\t   <\/div>\r\n\t\t\t\t\t   <\/div>\r\n\t\t\t\t   <\/div>\r\n            <\/div>\r\n          <\/div>\r\n        <\/section>[\/vc_column][\/vc_row]<\/p>\n<\/div>","protected":false},"excerpt":{"rendered":"<p>[vc_row][vc_column][\/vc_column][\/vc_row]<\/p>\n","protected":false},"author":1,"featured_media":0,"parent":0,"menu_order":0,"comment_status":"closed","ping_status":"closed","template":"","meta":{"footnotes":""},"class_list":["post-5095","page","type-page","status-publish","hentry"],"_links":{"self":[{"href":"https:\/\/listing.downtown-directory.com\/for-apps\/wp-json\/wp\/v2\/pages\/5095","targetHints":{"allow":["GET"]}}],"collection":[{"href":"https:\/\/listing.downtown-directory.com\/for-apps\/wp-json\/wp\/v2\/pages"}],"about":[{"href":"https:\/\/listing.downtown-directory.com\/for-apps\/wp-json\/wp\/v2\/types\/page"}],"author":[{"embeddable":true,"href":"https:\/\/listing.downtown-directory.com\/for-apps\/wp-json\/wp\/v2\/users\/1"}],"replies":[{"embeddable":true,"href":"https:\/\/listing.downtown-directory.com\/for-apps\/wp-json\/wp\/v2\/comments?post=5095"}],"version-history":[{"count":3,"href":"https:\/\/listing.downtown-directory.com\/for-apps\/wp-json\/wp\/v2\/pages\/5095\/revisions"}],"predecessor-version":[{"id":5395,"href":"https:\/\/listing.downtown-directory.com\/for-apps\/wp-json\/wp\/v2\/pages\/5095\/revisions\/5395"}],"wp:attachment":[{"href":"https:\/\/listing.downtown-directory.com\/for-apps\/wp-json\/wp\/v2\/media?parent=5095"}],"curies":[{"name":"wp","href":"https:\/\/api.w.org\/{rel}","templated":true}]}}